{"id":57,"date":"2024-01-30T13:27:29","date_gmt":"2024-01-30T13:27:29","guid":{"rendered":"https:\/\/www.ferienhof-endres.de\/?page_id=57"},"modified":"2024-02-07T23:26:48","modified_gmt":"2024-02-07T23:26:48","slug":"buchen","status":"publish","type":"page","link":"https:\/\/www.ferienhof-endres.de\/index.php\/buchen\/","title":{"rendered":"Buchen"},"content":{"rendered":"\n<div class=\"wp-block-group alignfull has-global-padding is-layout-constrained wp-container-core-group-is-layout-669513ed wp-block-group-is-layout-constrained\" style=\"margin-top:0;margin-bottom:0;padding-top:var(--wp--preset--spacing--50);padding-right:var(--wp--preset--spacing--50);padding-bottom:var(--wp--preset--spacing--50);padding-left:var(--wp--preset--spacing--50)\">\n<div class=\"wp-block-group alignwide has-global-padding is-layout-constrained wp-block-group-is-layout-constrained\">\n<div class=\"wp-block-group alignwide is-vertical is-content-justification-stretch is-layout-flex wp-container-core-group-is-layout-353c4f5a wp-block-group-is-layout-flex\">\n<h2 class=\"wp-block-heading is-style-asterisk has-large-font-size\">Preise<\/h2>\n\n\n\n<p class=\"has-text-align-left\" style=\"margin-top:var(--wp--preset--spacing--10);font-size:clamp(0.875rem, 0.875rem + ((1vw - 0.2rem) * 0.708), 1.3rem);\">In unseren behaglich und rustikal eingerichteten Zimmern werden Sie sich wohlf\u00fchlen:<\/p>\n<\/div>\n\n\n\n<div style=\"height:var(--wp--preset--spacing--30)\" aria-hidden=\"true\" class=\"wp-block-spacer\"><\/div>\n\n\n\n<div class=\"wp-block-columns alignwide is-layout-flex wp-container-core-columns-is-layout-06670bbc wp-block-columns-is-layout-flex\">\n<div class=\"wp-block-column is-layout-flow wp-block-column-is-layout-flow\" style=\"border-top-color:var(--wp--preset--color--custom-farbe-4);border-top-width:2px;padding-top:var(--wp--preset--spacing--30);padding-right:var(--wp--preset--spacing--30);padding-bottom:var(--wp--preset--spacing--10);padding-left:var(--wp--preset--spacing--30)\">\n<h4 class=\"wp-block-heading has-text-align-center has-custom-farbe-6-color has-text-color has-link-color has-large-font-size wp-elements-4a265103d854b9d60a34a2e2e2b43757\" style=\"padding-top:1px\"> Familienzimmer<\/h4>\n\n\n\n<div style=\"height:var(--wp--preset--spacing--10)\" aria-hidden=\"true\" class=\"wp-block-spacer\"><\/div>\n\n\n\n<div class=\"wp-block-group is-vertical is-content-justification-stretch is-layout-flex wp-container-core-group-is-layout-353c4f5a wp-block-group-is-layout-flex\">\n<p class=\"has-text-align-center\">mit zwei Doppelzimmern, gemeinsamer Dusche\/WC<\/p>\n\n\n\n<hr class=\"wp-block-separator has-text-color has-contrast-3-color has-alpha-channel-opacity has-contrast-3-background-color has-background is-style-wide\"\/>\n\n\n\n<p class=\"has-text-align-center has-contrast-2-color has-text-color has-link-color wp-elements-2418fef933b5c2a739b0bf3fd124b410\">Preis pro Person und Nacht ab 4 \u00dcbernachtungen<\/p>\n\n\n\n<hr class=\"wp-block-separator has-text-color has-contrast-3-color has-alpha-channel-opacity has-contrast-3-background-color has-background is-style-wide\"\/>\n\n\n\n<p class=\"has-text-align-center has-contrast-2-color has-text-color has-link-color wp-elements-fdef3bdf1cc1778b7fc385af80fb15e5\"> inklusive regionalem Fr\u00fchst\u00fcck<\/p>\n<\/div>\n\n\n\n<div style=\"height:var(--wp--preset--spacing--10)\" aria-hidden=\"true\" class=\"wp-block-spacer\"><\/div>\n\n\n\n<h5 class=\"wp-block-heading has-text-align-center has-x-large-font-size\">25&nbsp;\u20ac<\/h5>\n\n\n\n<p class=\"has-text-align-center has-contrast-2-color has-text-color has-link-color wp-elements-a43e8a26bad27760ffc5d4e4c4d6decb\">f\u00fcr Erwachsene und Kinder ab 12 Jahren<\/p>\n\n\n\n<h5 class=\"wp-block-heading has-text-align-center has-x-large-font-size\">12&nbsp;\u20ac<\/h5>\n\n\n\n<p class=\"has-text-align-center has-contrast-2-color has-text-color has-link-color wp-elements-2e1bc6696d37773b3aba5214495035e7\">f\u00fcr Kinder bis 12 Jahre<\/p>\n<\/div>\n\n\n\n<div class=\"wp-block-column is-layout-flow wp-block-column-is-layout-flow\" style=\"border-top-color:var(--wp--preset--color--custom-farbe-4);border-top-width:2px;padding-top:var(--wp--preset--spacing--30);padding-right:var(--wp--preset--spacing--30);padding-bottom:var(--wp--preset--spacing--10);padding-left:var(--wp--preset--spacing--30)\">\n<h4 class=\"wp-block-heading has-text-align-center has-custom-farbe-6-color has-text-color has-link-color has-large-font-size wp-elements-97865bc9b06e5889dd461338b942dfec\"> Appartment<\/h4>\n\n\n\n<div style=\"height:var(--wp--preset--spacing--10)\" aria-hidden=\"true\" class=\"wp-block-spacer\"><\/div>\n\n\n\n<div class=\"wp-block-group is-vertical is-content-justification-stretch is-layout-flex wp-container-core-group-is-layout-353c4f5a wp-block-group-is-layout-flex\">\n<p class=\"has-text-align-center\">mit einem Doppelzimmer, Dusche\/WC und einem Wohnraum.<\/p>\n\n\n\n<hr class=\"wp-block-separator has-text-color has-contrast-3-color has-alpha-channel-opacity has-contrast-3-background-color has-background is-style-wide\"\/>\n\n\n\n<p class=\"has-text-align-center\">Preis pro Person und Nacht ab 4 \u00dcbernachtungen<\/p>\n\n\n\n<hr class=\"wp-block-separator has-text-color has-contrast-3-color has-alpha-channel-opacity has-contrast-3-background-color has-background is-style-wide\"\/>\n\n\n\n<p class=\"has-text-align-center\"> inklusive regionalem Fr\u00fchst\u00fcck<\/p>\n<\/div>\n\n\n\n<div style=\"height:var(--wp--preset--spacing--10)\" aria-hidden=\"true\" class=\"wp-block-spacer\"><\/div>\n\n\n\n<h5 class=\"wp-block-heading has-text-align-center has-x-large-font-size\">25&nbsp;\u20ac<\/h5>\n\n\n\n<p class=\"has-text-align-center has-contrast-2-color has-text-color has-link-color wp-elements-a43e8a26bad27760ffc5d4e4c4d6decb\">f\u00fcr Erwachsene und Kinder ab 12 Jahren<\/p>\n\n\n\n<h5 class=\"wp-block-heading has-text-align-center has-x-large-font-size\">12&nbsp;\u20ac<\/h5>\n\n\n\n<p class=\"has-text-align-center has-contrast-2-color has-text-color has-link-color wp-elements-2e1bc6696d37773b3aba5214495035e7\">f\u00fcr Kinder bis 12 Jahre<\/p>\n<\/div>\n<\/div>\n\n\n\n<div style=\"height:30px\" aria-hidden=\"true\" class=\"wp-block-spacer\"><\/div>\n\n\n\n<div class=\"wp-block-group alignwide has-base-2-background-color has-background is-vertical is-content-justification-center is-layout-flex wp-container-core-group-is-layout-8996f481 wp-block-group-is-layout-flex\" style=\"padding-top:var(--wp--preset--spacing--10);padding-bottom:var(--wp--preset--spacing--10)\">\n<p class=\"has-text-align-center\">Kurzaufenthalt (1-3 \u00dcbernachtungen): 30,- \u20ac p.P.<\/p>\n\n\n\n<p class=\"has-text-align-center\">Einzel\u00fcbernachtung im Doppelzimmer: 35,-\/40,- \u20ac p.P.<\/p>\n<\/div>\n<\/div>\n<\/div>\n\n\n\n<div class=\"wp-block-columns alignwide are-vertically-aligned-center is-layout-flex wp-container-core-columns-is-layout-28f84493 wp-block-columns-is-layout-flex\">\n<div class=\"wp-block-column is-vertically-aligned-center is-layout-flow wp-block-column-is-layout-flow\" style=\"flex-basis:100%\">\n<h2 class=\"wp-block-heading is-style-asterisk has-large-font-size\">Belegungsplan<\/h2>\n\n\n\n<p>Um einen \u00dcberblick \u00fcber unseren Buchungskalender zu bekommen, w\u00e4hlen Sie bitte Ihren gew\u00fcnschten Urlaubs-Monat aus. \u201eGr\u00fcn\u201c hei\u00dft \u201eGl\u00fcck gehabt! Sie k\u00f6nnen buchen!\u201c<\/p>\n\n\n\n<div id=\"belegungsplan-gid45295\"><\/div>\n<script>\neobp_config = {};\neobp_config.name = 'belegungsplan-gid45295';\neobp_config.gid = 45295;\nif (typeof _eobp_configs  === 'undefined') var _eobp_configs = [];\n_eobp_configs.push(eobp_config);\nif (!document.head.querySelector('script[data-id=eobp]')){\n\tvar script = document.createElement('script');\n\tscript.src = 'https:\/\/belegungskalender.api.eberl-online.net\/v1\/bundle.js';\n\tscript.async = true;\n\tscript.setAttribute('data-id', 'eobp');\n\tdocument.head.appendChild(script);\n}\n<\/script>\n\n\n\n<div style=\"height:100px\" aria-hidden=\"true\" class=\"wp-block-spacer\"><\/div>\n<\/div>\n<\/div>\n\n\n\n<div class=\"wp-block-group alignwide has-global-padding is-layout-constrained wp-block-group-is-layout-constrained\">\n<h2 class=\"wp-block-heading alignwide has-text-align-left is-style-asterisk has-large-font-size\">Buchungsanfrage<\/h2>\n\n\n\n<p class=\"has-body-font-family has-medium-font-size\">Gerne k\u00f6nnen Sie die Verf\u00fcgbarkeit Ihres Wunschzeitraums auch direkt bei uns per Telefon oder E-Mail erfragen. F\u00fcr Ihre Buchungsanfrage senden Sie uns einfach eine Nachricht \u00fcber unser Buchungsformular. Wir melden uns dann zeitnah bei Ihnen zur\u00fcck. <\/p>\n\n\n\n<div class=\"wp-block-buttons is-horizontal is-content-justification-center is-layout-flex wp-container-core-buttons-is-layout-6bd4d9d1 wp-block-buttons-is-layout-flex\">\n<div class=\"wp-block-button has-custom-width wp-block-button__width-100 has-custom-font-size is-style-fill has-medium-font-size\"><a class=\"wp-block-button__link has-text-align-center wp-element-button\" href=\"https:\/\/www.ferienhof-endres.de\/index.php\/buchungsanfrage\/\" style=\"padding-top:var(--wp--preset--spacing--10);padding-right:0;padding-bottom:var(--wp--preset--spacing--10);padding-left:0\">Buchungsanfrage<\/a><\/div>\n<\/div>\n<\/div>\n\n\n\n<div style=\"height:100px;width:0px\" aria-hidden=\"true\" class=\"wp-block-spacer\"><\/div>\n\n\n\n<div class=\"wp-block-group alignfull has-accent-4-background-color has-background is-vertical is-content-justification-center is-nowrap is-layout-flex wp-container-core-group-is-layout-2215816d wp-block-group-is-layout-flex\" style=\"min-height:100vh;margin-top:0;margin-bottom:0;padding-top:var(--wp--preset--spacing--50);padding-right:var(--wp--preset--spacing--50);padding-bottom:var(--wp--preset--spacing--50);padding-left:var(--wp--preset--spacing--50);background-image:url(&apos;https:\/\/www.ferienhof-endres.de\/wp-content\/uploads\/2024\/01\/Familienzimmer-1_small.jpg&apos;);background-size:cover;\"><\/div>\n","protected":false},"excerpt":{"rendered":"<p>Preise In unseren behaglich und rustikal eingerichteten Zimmern werden Sie sich wohlf\u00fchlen: Familienzimmer mit zwei Doppelzimmern, gemeinsamer Dusche\/WC Preis pro Person und Nacht ab 4 \u00dcbernachtungen inklusive regionalem Fr\u00fchst\u00fcck 25&nbsp;\u20ac f\u00fcr Erwachsene und Kinder ab 12 Jahren 12&nbsp;\u20ac f\u00fcr Kinder bis 12 Jahre Appartment mit einem Doppelzimmer, Dusche\/WC und einem Wohnraum. Preis pro Person und [&hellip;]<\/p>\n","protected":false},"author":1,"featured_media":0,"parent":0,"menu_order":0,"comment_status":"closed","ping_status":"closed","template":"","meta":{"footnotes":""},"class_list":["post-57","page","type-page","status-publish","hentry"],"_links":{"self":[{"href":"https:\/\/www.ferienhof-endres.de\/index.php\/wp-json\/wp\/v2\/pages\/57","targetHints":{"allow":["GET"]}}],"collection":[{"href":"https:\/\/www.ferienhof-endres.de\/index.php\/wp-json\/wp\/v2\/pages"}],"about":[{"href":"https:\/\/www.ferienhof-endres.de\/index.php\/wp-json\/wp\/v2\/types\/page"}],"author":[{"embeddable":true,"href":"https:\/\/www.ferienhof-endres.de\/index.php\/wp-json\/wp\/v2\/users\/1"}],"replies":[{"embeddable":true,"href":"https:\/\/www.ferienhof-endres.de\/index.php\/wp-json\/wp\/v2\/comments?post=57"}],"version-history":[{"count":11,"href":"https:\/\/www.ferienhof-endres.de\/index.php\/wp-json\/wp\/v2\/pages\/57\/revisions"}],"predecessor-version":[{"id":240,"href":"https:\/\/www.ferienhof-endres.de\/index.php\/wp-json\/wp\/v2\/pages\/57\/revisions\/240"}],"wp:attachment":[{"href":"https:\/\/www.ferienhof-endres.de\/index.php\/wp-json\/wp\/v2\/media?parent=57"}],"curies":[{"name":"wp","href":"https:\/\/api.w.org\/{rel}","templated":true}]}}