{"id":3,"date":"2024-01-30T10:02:29","date_gmt":"2024-01-30T10:02:29","guid":{"rendered":"https:\/\/www.ferienhof-endres.de\/?page_id=3"},"modified":"2024-01-31T15:11:42","modified_gmt":"2024-01-31T15:11:42","slug":"privacy-policy","status":"publish","type":"page","link":"https:\/\/www.ferienhof-endres.de\/index.php\/privacy-policy\/","title":{"rendered":"Impressum"},"content":{"rendered":"\n<p>Angaben gem\u00e4\u00df \u00a7 5 TMG:<\/p>\n\n\n\n<p><br>Erhard Endres<br>Engelhardsberg 36<br>91346 Wiesenttal<\/p>\n\n\n\n<p>Telefon: +49 (0) 9196 332<br>Telefax: +49 (0) 9196 998584<br>E-Mail: info@ferienhof-endres.de<\/p>\n\n\n\n<p>Der Nutzung von im Rahmen der Impressumspflicht ver\u00f6ffentlichten Kontaktdaten durch Dritte zur \u00dcbersendung von nicht ausdr\u00fccklich angeforderter Werbung und Informationsmaterialien wird hiermit ausdr\u00fccklich widersprochen. Die Betreiber der Seiten behalten sich ausdr\u00fccklich rechtliche Schritte im Falle der unverlangten Zusendung von Werbeinformationen, etwa durch Spam-Mails, vor.<\/p>\n\n\n\n<p><br>Hinweis zur Online-Streitbeilegung gem\u00e4\u00df Art. 14 Abs. 1 ODR-VO:<br>Die Europ\u00e4ische Kommission stellt eine Plattform zur Online-Streitbeilegung (OS) bereit, die Sie unter https:\/\/ec.europa.eu\/consumers\/odr\/ finden.<\/p>\n\n\n\n<p><\/p>\n\n\n\n<h2 class=\"wp-block-heading\">Datenschutzhinweise<\/h2>\n\n\n\n<p>Im Folgenden informieren wir (Ferienhof Endres, Engelhardsberg 36, 91346 Wiesenttal) \u00fcber die Erhebung personenbezogener Daten bei Nutzung unserer Website. Personenbezogene Daten sind alle Daten, die auf Sie pers\u00f6nlich beziehbar sind, z. B. Name, Adresse, E-Mail-<br>Adressen, Nutzerverhalten.<\/p>\n\n\n\n<p><strong class=\"privacy-policy-tutorial\"><\/strong><\/p>\n\n\n\n<h4 class=\"wp-block-heading\">Unter den angegebenen Kontaktdaten k\u00f6nnen Sie jederzeit folgende Rechte aus\u00fcben<\/h4>\n\n\n\n<ul class=\"wp-block-list\">\n<li>Sie haben das Recht, der Verwendung und Verarbeitung Ihrer Daten jederzeitzu widersprechen.<\/li>\n\n\n\n<li>Zudem sind Sie berechtigt, Auskunft der bei uns \u00fcber Sie gespeicherten Daten zu beantragen sowie bei Unrichtigkeit der Daten die<br>Berichtigung oder bei unzul\u00e4ssiger Datenspeicherung die L\u00f6schung der Daten zu fordern.<\/li>\n\n\n\n<li>Sie haben das Recht auf Einschr\u00e4nkung der Datenverarbeitung, sofern wir Ihre Daten aufgrund gesetzlicher Pflichten noch nicht<br>l\u00f6schen d\u00fcrfen.<\/li>\n\n\n\n<li>Sie haben zudem das Recht, sich bei einer Datenschutz-Aufsichtsbeh\u00f6rde \u00fcber die Verarbeitung Ihrer personenbezogenen Daten durch<br>uns zu beschweren. Ihre zust\u00e4ndige Aufsichtsbeh\u00f6rde richtet sich nach dem Bundesland Ihres Wohnsitzes, Ihrer Arbeit oder der<br>mutma\u00dflichen Verletzung.<\/li>\n<\/ul>\n\n\n\n<h4 class=\"wp-block-heading\">Zwecke der Datenverarbeitung durch die verantwortliche Stelle und Dritte<\/h4>\n\n\n\n<p>Soweit auf unseren Seiten personenbezogene Daten (beispielsweise Name, Anschrift oder eMail-Adressen) erhoben werden, erfolgt dies, soweit m\u00f6glich, stets auf freiwilliger Basis und nur zu den in dieser Datenschutzerkl\u00e4rung genannten Zwecken. Diese Daten werden ohne<br>Ihre ausdr\u00fcckliche Zustimmung nicht an Dritte findet nicht statt.<\/p>\n\n\n\n<h6 class=\"wp-block-heading\">Erhebung personenbezogener Daten bei Besuch unserer Website<\/h6>\n\n\n\n<p>Die rein informatorischen Nutzung unserer Webseite ist in der Regel ohne Angabe personenbezogener Daten m\u00f6glich. Bei der Nutzung der Website erheben wir nur die Daten, die Ihr Browser an unseren Server \u00fcbermittelt und die f\u00fcr uns technisch erforderlich sind, um Ihnen unsere Website anzuzeigen, eine reibungslose Nutzung sowie die Stabilit\u00e4t und Sicherheit zu gew\u00e4hrleisten. Wir verwenden Ihre Daten nicht, um R\u00fcckschl\u00fcsse auf Ihre Person zu ziehen. Empf\u00e4nger der Daten sind nur die verantwortliche Stelle und ggf. Auftragsverarbeiter.<\/p>\n\n\n\n<p><br>Anonyme Informationen dieser Art werden von uns ggfs. statistisch ausgewertet, um unseren Internetauftritt und die dahinterstehende Technik zu optimieren.<br>\u2013 IP-Adresse<br>\u2013 Datum und Uhrzeit der Anfrage<br>\u2013 Zeitzonendifferenz zur Greenwich Mean Time (GMT)<br>\u2013 Inhalt der Anforderung (konkrete Seite)<br>\u2013 Zugriffsstatus\/HTTP-Statuscode<br>\u2013 jeweils \u00fcbertragene Datenmenge<br>\u2013 Website, von der die Anforderung kommt<br>\u2013 Browser<br>\u2013 Betriebssystem und dessen Oberfl\u00e4che<br>\u2013 Sprache und Version der Browsersoftware.<\/p>\n\n\n\n<h6 class=\"wp-block-heading\">Einsatz von Cookies<\/h6>\n\n\n\n<p>Zus\u00e4tzlich zu den zuvor genannten Daten werden bei Ihrer Nutzung unserer Website Cookies auf Ihrem Rechner gespeichert. Bei Cookies handelt es sich um kleine Textdateien, die auf Ihrer Festplatte dem von Ihnen verwendeten Browser zugeordnet gespeichert werden und<br>durch welche der Stelle, die den Cookie setzt (hier durch uns), bestimmte Informationen zuflie\u00dfen. Cookies k\u00f6nnen keine Programme ausf\u00fchren oder Viren auf Ihren Computer \u00fcbertragen. Sie dienen dazu, das Internetangebot insgesamt nutzerfreundlicher und effektiver zu machen.<\/p>\n\n\n\n<p><br>Diese Website nutzt folgende Arten von Cookies, deren Umfang und Funktionsweise im Folgenden erl\u00e4utert werden:<br>\u2013 Transiente Cookies (dazu a)<br>\u2013 Persistente Cookies (dazu b)<\/p>\n\n\n\n<p><br>a) Transiente Cookies werden automatisiert gel\u00f6scht, wenn Sie den Browser schlie\u00dfen. Dazu z\u00e4hlen insbesondere die Session-Cookies. Diese speichern eine sogenannte Session-ID, mit welcher sich verschiedene Anfragen Ihres Browsers der gemeinsamen Sitzung zuordnen<br>lassen. Dadurch kann Ihr Rechner wiedererkannt werden, wenn Sie auf unsere Website zur\u00fcckkehren. Die Session-Cookies werden gel\u00f6scht, wenn Sie sich ausloggen oder den Browser schlie\u00dfen.<\/p>\n\n\n\n<p><br>b) Persistente Cookies werden automatisiert nach einer vorgegebenen Dauer gel\u00f6scht, die sich je nach Cookie unterscheiden kann. Sie k\u00f6nnen die Cookies in den Sicherheitseinstellungen Ihres Browsers jederzeit l\u00f6schen. Sie k\u00f6nnen Ihre Browser-Einstellung entsprechend Ihren W\u00fcnschen konfigurieren und z. B. die Annahme von Third-Party-Cookies oder allen Cookies ablehnen. Wir weisen Sie darauf hin, dass Sie eventuell nicht alle Funktionen dieser Website nutzen k\u00f6nnen.<\/p>\n\n\n\n<h6 class=\"wp-block-heading\">Erhebung personenbezogener Daten bei Kontaktaufnahme<\/h6>\n\n\n\n<p>Bei Ihrer Kontaktaufnahme mit uns per E-Mail oder \u00fcber unser Kontaktformular erteilen Sie uns zum Zwecke der Kontaktaufnahme Ihre freiwillige Einwilligung. Die von Ihnen mitgeteilten Daten (Ihre E-Mail-Adresse, Ihr Name, Ihre Telefonnummer, und ggf. Ihre Adresse) werden<br>von uns gespeichert, um Ihre Fragen sowie m\u00f6gliche Anschlussfragen zu beantworten. Die in diesem Zusammenhang anfallenden Daten l\u00f6schen wir, nach Erledigung der gestellten Anfrage.<\/p>\n\n\n\n<h6 class=\"wp-block-heading\">Erhebung personenbezogener Daten bei Buchung unserr Unterkunft<\/h6>\n\n\n\n<p>Desweiteren erheben wir Ihre personenbezogenen Daten zum Zweck der Vertragsdurchf\u00fchrung. Die Datenerhebung und Datenverarbeitung ist f\u00fcr die Durchf\u00fchrung des Vertrags erforderlich und beruht auf Artikel 6 Abs. 1b) DSGVO. Eine Weitergabe der Daten an Dritte findet nicht statt. Die Daten werden gel\u00f6scht, sobald sie f\u00fcr den Zweck ihrer Verarbeitung nicht mehr erforderlich sind oder die Verarbeitung eingeschr\u00e4nkt, falls gesetzliche Aufbewahrungspflichten bestehen.<\/p>\n\n\n\n<h6 class=\"wp-block-heading\">Daten-Verschl\u00fcsselung<\/h6>\n\n\n\n<p>Um die Sicherheit Ihrer Daten bei der \u00dcbertragung zu sch\u00fctzen, verwenden wir SSL, ein Netzwerkprotokoll zur sicheren \u00dcbertragung von Daten \u00fcber HTTPS. Wir weisen darauf hin, dass die Daten\u00fcbertragung im Internet (z.B. bei der Kommunikation per E-Mail) Sicherheitsl\u00fccken aufweisen kann. Ein l\u00fcckenloser Schutz der Daten vor dem Zugriff durch Dritte ist nicht m\u00f6glich.<\/p>\n\n\n\n<h4 class=\"wp-block-heading\">Verwendung von Google Analytics<\/h4>\n\n\n\n<p>Diese Website benutzt Google Analytics, einen Webanalysedienst der Google Inc. (\u201cGoogle\u201c). Google Analytics verwendet sog. \u201cCookies\u201c, Textdateien, die auf Ihrem Computer gespeichert werden und die eine Analyse der Benutzung der Website durch Sie erm\u00f6glicht. Die durch den Cookie erzeugten Informationen \u00fcber Ihre Benutzung diese Website (einschlie\u00dflich Ihrer IP-Adresse) wird an einen Server von Google in den USA \u00fcbertragen und dort gespeichert. Google wird diese Informationen benutzen, um Ihre Nutzung der Website auszuwerten, um Reports \u00fcber die Websiteaktivit\u00e4ten f\u00fcr die Websitebetreiber zusammenzustellen und um weitere mit der Websitenutzung und der Internetnutzung verbundene Dienstleistungen zu erbringen. Auch wird Google diese Informationen gegebenenfalls an Dritte \u00fcbertragen, sofern dies gesetzlich vorgeschrieben oder soweit Dritte diese Daten im Auftrag von Google verarbeiten. Google wird in keinem Fall Ihre IPAdresse<br>mit anderen Daten der Google in Verbindung bringen. Sie k\u00f6nnen die Installation der Cookies durch eine entsprechende Einstellung Ihrer Browser Software verhindern; wir weisen Sie jedoch darauf hin, dass Sie in diesem Fall gegebenenfalls nicht s\u00e4mtliche<br>Funktionen dieser Website voll umf\u00e4nglich nutzen k\u00f6nnen. Durch die Nutzung dieser Website erkl\u00e4ren Sie sich mit der Bearbeitung der \u00fcber Sie erhobenen Daten durch Google in der zuvor beschriebenen Art und Weise und zu dem zuvor benannten Zweck einverstanden.<\/p>\n\n\n\n<h4 class=\"wp-block-heading\">Verwendung von Google Maps<\/h4>\n\n\n\n<p>Diese Webseite verwendet Google Maps API, um geographische Informationen visuell darzustellen. Bei der Nutzung von Google Maps werden von Google auch Daten \u00fcber die Nutzung der Kartenfunktionen durch Besucher erhoben, verarbeitet und genutzt. N\u00e4here<br>Informationen \u00fcber die Datenverarbeitung durch Google k\u00f6nnen Sie den <a href=\"https:\/\/policies.google.com\/privacy\" target=\"_blank\" rel=\"noreferrer noopener\">Google-Datenschutzhinweisen <\/a>entnehmen. Dort k\u00f6nnen Sie im Datenschutzcenter auch Ihre pers\u00f6nlichen Datenschutz-Einstellungen ver\u00e4ndern. Ausf\u00fchrliche Anleitungen zur Verwaltung der eigenen Daten im Zusammenhang mit Google-Produkten <a href=\"https:\/\/support.google.com\/accounts\/answer\/3024190\" target=\"_blank\" rel=\"noreferrer noopener\">finden Sie hier<\/a>.<\/p>\n\n\n\n<h4 class=\"wp-block-heading\">Schlussbemerkungen<\/h4>\n\n\n\n<p>Wenn Sie Fragen zum Datenschutz haben, schreiben Sie uns bitte eine E-Mail an: info@ferienhof-endres.de<\/p>\n\n\n\n<p><br>Wir behalten uns vor, diese Datenschutzerkl\u00e4rung anzupassen, damit sie stets den aktuellen rechtlichen Anforderungen entspricht oder um \u00c4nderungen unserer Leistungen in der Datenschutzerkl\u00e4rung umzusetzen, z.B. bei der Einf\u00fchrung neuer Services. F\u00fcr Ihren erneuten Besuch gilt dann die neue Datenschutzerkl\u00e4rung.<\/p>\n\n\n\n<p><br>Quellen: Merkblatt der Bundesarbeitsgemeinschaft f\u00fcr Urlaub auf dem Bauernhof<br>und Landtourismus f\u00fcr Mitgliedbetriebe (Stand M\u00e4rz 2018) und <a href=\"https:\/\/www.e-recht24.de\/muster-disclaimer.html\" target=\"_blank\" rel=\"noreferrer noopener\">Disclaimer eRecht24<\/a><\/p>\n","protected":false},"excerpt":{"rendered":"<p>Angaben gem\u00e4\u00df \u00a7 5 TMG: Erhard EndresEngelhardsberg 3691346 Wiesenttal Telefon: +49 (0) 9196 332Telefax: +49 (0) 9196 998584E-Mail: info@ferienhof-endres.de Der Nutzung von im Rahmen der Impressumspflicht ver\u00f6ffentlichten Kontaktdaten durch Dritte zur \u00dcbersendung von nicht ausdr\u00fccklich angeforderter Werbung und Informationsmaterialien wird hiermit ausdr\u00fccklich widersprochen. Die Betreiber der Seiten behalten sich ausdr\u00fccklich rechtliche Schritte im Falle der [&hellip;]<\/p>\n","protected":false},"author":1,"featured_media":27,"parent":0,"menu_order":0,"comment_status":"closed","ping_status":"open","template":"","meta":{"footnotes":""},"class_list":["post-3","page","type-page","status-publish","has-post-thumbnail","hentry"],"_links":{"self":[{"href":"https:\/\/www.ferienhof-endres.de\/index.php\/wp-json\/wp\/v2\/pages\/3","targetHints":{"allow":["GET"]}}],"collection":[{"href":"https:\/\/www.ferienhof-endres.de\/index.php\/wp-json\/wp\/v2\/pages"}],"about":[{"href":"https:\/\/www.ferienhof-endres.de\/index.php\/wp-json\/wp\/v2\/types\/page"}],"author":[{"embeddable":true,"href":"https:\/\/www.ferienhof-endres.de\/index.php\/wp-json\/wp\/v2\/users\/1"}],"replies":[{"embeddable":true,"href":"https:\/\/www.ferienhof-endres.de\/index.php\/wp-json\/wp\/v2\/comments?post=3"}],"version-history":[{"count":1,"href":"https:\/\/www.ferienhof-endres.de\/index.php\/wp-json\/wp\/v2\/pages\/3\/revisions"}],"predecessor-version":[{"id":29,"href":"https:\/\/www.ferienhof-endres.de\/index.php\/wp-json\/wp\/v2\/pages\/3\/revisions\/29"}],"wp:featuredmedia":[{"embeddable":true,"href":"https:\/\/www.ferienhof-endres.de\/index.php\/wp-json\/wp\/v2\/media\/27"}],"wp:attachment":[{"href":"https:\/\/www.ferienhof-endres.de\/index.php\/wp-json\/wp\/v2\/media?parent=3"}],"curies":[{"name":"wp","href":"https:\/\/api.w.org\/{rel}","templated":true}]}}