{"id":175,"date":"2024-02-07T20:58:58","date_gmt":"2024-02-07T20:58:58","guid":{"rendered":"https:\/\/www.ferienhof-endres.de\/?page_id=175"},"modified":"2024-02-07T20:58:58","modified_gmt":"2024-02-07T20:58:58","slug":"buchungsanfrage","status":"publish","type":"page","link":"https:\/\/www.ferienhof-endres.de\/index.php\/buchungsanfrage\/","title":{"rendered":"Buchungsanfrage"},"content":{"rendered":"<style id=\"wpforms-css-vars-165-block-49a329f4-41b6-4763-9115-1791ab0d2977\">\n\t\t\t\t#wpforms-165.wpforms-block-49a329f4-41b6-4763-9115-1791ab0d2977 {\n\t\t\t\t--wpforms-button-background-color: #fbce02;\n--wpforms-button-text-color: #1C2930;\n\t\t\t}\n\t\t\t<\/style><div class=\"wpforms-container wpforms-container-full wpforms-block wpforms-block-49a329f4-41b6-4763-9115-1791ab0d2977 wpforms-render-modern\" id=\"wpforms-165\"><form id=\"wpforms-form-165\" class=\"wpforms-validate wpforms-form wpforms-ajax-form\" data-formid=\"165\" method=\"post\" enctype=\"multipart\/form-data\" action=\"\/index.php\/wp-json\/wp\/v2\/pages\/175\" data-token=\"b1015861e5cc48c8d22affbecb535604\" data-token-time=\"1776759853\"><noscript class=\"wpforms-error-noscript\">Bitte aktiviere JavaScript in deinem Browser, um dieses Formular fertigzustellen.<\/noscript><div id=\"wpforms-error-noscript\" style=\"display: none;\">Bitte aktiviere JavaScript in deinem Browser, um dieses Formular fertigzustellen.<\/div><div class=\"wpforms-field-container\"><div id=\"wpforms-165-field_0-container\" class=\"wpforms-field wpforms-field-name\" data-field-id=\"0\"><fieldset><legend class=\"wpforms-field-label\">Name <span class=\"wpforms-required-label\" aria-hidden=\"true\">*<\/span><\/legend><div class=\"wpforms-field-row wpforms-field-medium\"><div class=\"wpforms-field-row-block wpforms-first wpforms-one-half\"><input type=\"text\" id=\"wpforms-165-field_0\" class=\"wpforms-field-name-first wpforms-field-required\" name=\"wpforms[fields][0][first]\" aria-errormessage=\"wpforms-165-field_0-error\" required><label for=\"wpforms-165-field_0\" class=\"wpforms-field-sublabel after\">Vorname<\/label><\/div><div class=\"wpforms-field-row-block wpforms-one-half\"><input type=\"text\" id=\"wpforms-165-field_0-last\" class=\"wpforms-field-name-last wpforms-field-required\" name=\"wpforms[fields][0][last]\" aria-errormessage=\"wpforms-165-field_0-last-error\" required><label for=\"wpforms-165-field_0-last\" class=\"wpforms-field-sublabel after\">Nachname<\/label><\/div><\/div><\/fieldset><\/div><div id=\"wpforms-165-field_1-container\" class=\"wpforms-field wpforms-field-email\" data-field-id=\"1\"><label class=\"wpforms-field-label\" for=\"wpforms-165-field_1\">E-Mail <span class=\"wpforms-required-label\" aria-hidden=\"true\">*<\/span><\/label><input type=\"email\" id=\"wpforms-165-field_1\" class=\"wpforms-field-medium wpforms-field-required\" name=\"wpforms[fields][1]\" spellcheck=\"false\" aria-errormessage=\"wpforms-165-field_1-error\" required><\/div><div id=\"wpforms-165-field_4-container\" class=\"wpforms-field wpforms-field-radio\" data-field-id=\"4\"><fieldset><legend class=\"wpforms-field-label\">Welches Zimmer m\u00f6chten Sie buchen? <span class=\"wpforms-required-label\" aria-hidden=\"true\">*<\/span><\/legend><ul id=\"wpforms-165-field_4\" class=\"wpforms-field-required\"><li class=\"choice-1 depth-1\"><input type=\"radio\" id=\"wpforms-165-field_4_1\" name=\"wpforms[fields][4]\" value=\"Familienzimmer\" aria-errormessage=\"wpforms-165-field_4_1-error\" required ><label class=\"wpforms-field-label-inline\" for=\"wpforms-165-field_4_1\">Familienzimmer<\/label><\/li><li class=\"choice-2 depth-1\"><input type=\"radio\" id=\"wpforms-165-field_4_2\" name=\"wpforms[fields][4]\" value=\"Appartment\" aria-errormessage=\"wpforms-165-field_4_2-error\" required ><label class=\"wpforms-field-label-inline\" for=\"wpforms-165-field_4_2\">Appartment<\/label><\/li><\/ul><\/fieldset><\/div><div id=\"wpforms-165-field_18-container\" class=\"wpforms-field wpforms-field-text\" data-field-id=\"18\"><label class=\"wpforms-field-label\" for=\"wpforms-165-field_18\">Gew\u00fcnschtes Anreisedatum <span class=\"wpforms-required-label\" aria-hidden=\"true\">*<\/span><\/label><input type=\"text\" id=\"wpforms-165-field_18\" class=\"wpforms-field-small wpforms-field-required\" name=\"wpforms[fields][18]\" placeholder=\"tt.mm.jjjj\" aria-errormessage=\"wpforms-165-field_18-error\" required><\/div><div id=\"wpforms-165-field_19-container\" class=\"wpforms-field wpforms-field-text\" data-field-id=\"19\"><label class=\"wpforms-field-label\" for=\"wpforms-165-field_19\">Gew\u00fcnschtes Abreisedatum <span class=\"wpforms-required-label\" aria-hidden=\"true\">*<\/span><\/label><input type=\"text\" id=\"wpforms-165-field_19\" class=\"wpforms-field-small wpforms-field-required\" name=\"wpforms[fields][19]\" placeholder=\"tt.mm.jjjj\" aria-errormessage=\"wpforms-165-field_19-error\" required><\/div><div id=\"wpforms-165-field_12-container\" class=\"wpforms-field wpforms-field-number\" data-field-id=\"12\"><label class=\"wpforms-field-label\" for=\"wpforms-165-field_12\">Anzahl Erwachsene und Kinder \u00fcber 12 Jahre <span class=\"wpforms-required-label\" aria-hidden=\"true\">*<\/span><\/label><input type=\"number\" id=\"wpforms-165-field_12\" class=\"wpforms-field-small wpforms-field-required\" name=\"wpforms[fields][12]\" value=\"mAI0OZjxYlVDsSih\" step=\"any\" aria-errormessage=\"wpforms-165-field_12-error\" required><\/div><div id=\"wpforms-165-field_13-container\" class=\"wpforms-field wpforms-field-number\" data-field-id=\"13\"><label class=\"wpforms-field-label\" for=\"wpforms-165-field_13\">Anzahl Kinder bis 12 Jahre <span class=\"wpforms-required-label\" aria-hidden=\"true\">*<\/span><\/label><input type=\"number\" id=\"wpforms-165-field_13\" class=\"wpforms-field-small wpforms-field-required\" name=\"wpforms[fields][13]\" value=\"FLG7cHpODW4eU0dh\" step=\"any\" aria-errormessage=\"wpforms-165-field_13-error\" required><\/div><div id=\"wpforms-165-field_2-container\" class=\"wpforms-field wpforms-field-textarea\" data-field-id=\"2\"><label class=\"wpforms-field-label\" for=\"wpforms-165-field_2\">Ihre Nachricht an uns<\/label><textarea id=\"wpforms-165-field_2\" class=\"wpforms-field-medium\" name=\"wpforms[fields][2]\" aria-errormessage=\"wpforms-165-field_2-error\" ><\/textarea><\/div><div id=\"wpforms-165-field_6-container\" class=\"wpforms-field wpforms-field-text\" data-field-id=\"6\"><label class=\"wpforms-field-label\" for=\"wpforms-165-field_6\">Stra\u00dfe und Hausnummer <span class=\"wpforms-required-label\" aria-hidden=\"true\">*<\/span><\/label><input type=\"text\" id=\"wpforms-165-field_6\" class=\"wpforms-field-medium wpforms-field-required\" name=\"wpforms[fields][6]\" aria-errormessage=\"wpforms-165-field_6-error\" required><\/div><div id=\"wpforms-165-field_7-container\" class=\"wpforms-field wpforms-field-text\" data-field-id=\"7\"><label class=\"wpforms-field-label\" for=\"wpforms-165-field_7\">PLZ und Ort <span class=\"wpforms-required-label\" aria-hidden=\"true\">*<\/span><\/label><input type=\"text\" id=\"wpforms-165-field_7\" class=\"wpforms-field-medium wpforms-field-required\" name=\"wpforms[fields][7]\" aria-errormessage=\"wpforms-165-field_7-error\" required><\/div><div id=\"wpforms-165-field_20-container\" class=\"wpforms-field wpforms-field-text\" data-field-id=\"20\"><label class=\"wpforms-field-label\" for=\"wpforms-165-field_20\">Telefonnummer <\/label><input type=\"text\" id=\"wpforms-165-field_20\" class=\"wpforms-field-medium\" name=\"wpforms[fields][20]\" aria-errormessage=\"wpforms-165-field_20-error\" aria-describedby=\"wpforms-165-field_20-description\" ><div id=\"wpforms-165-field_20-description\" class=\"wpforms-field-description\">Wir rufen Sie gerne an, um Ihre Anfrage zu besprechen. Hinterlassen Sie uns einfach eine Telefonnummer und ggf. wann Sie am besten zu erreichen sind. <\/div><\/div><div id=\"wpforms-165-field_14-container\" class=\"wpforms-field wpforms-field-textarea\" data-field-id=\"14\"><label class=\"wpforms-field-label\" for=\"wpforms-165-field_14\">Um unseren Auftritt im Internet stetig zu verbessern, w\u00fcrden wir uns \u00fcber Ihre R\u00fcckmeldung freuen! Wie sind Sie auf uns aufmerksam geworden?<\/label><textarea id=\"wpforms-165-field_14\" class=\"wpforms-field-small\" name=\"wpforms[fields][14]\" aria-errormessage=\"wpforms-165-field_14-error\" ><\/textarea><\/div><div id=\"wpforms-165-field_5-container\" class=\"wpforms-field wpforms-field-gdpr-checkbox\" data-field-id=\"5\"><label class=\"wpforms-field-label\">DSGVO-Einverst\u00e4ndnis <span class=\"wpforms-required-label\" aria-hidden=\"true\">*<\/span><\/label><ul id=\"wpforms-165-field_5\" class=\"wpforms-field-required\"><li class=\"choice-1\"><input type=\"checkbox\" id=\"wpforms-165-field_5_1\" name=\"wpforms[fields][5][]\" value=\"Ja, ich\/wir bin\/sind damit einverstanden, dass meine\/unsere Kontaktdaten (Name, Adresse, Telefonnummer und E-Mail-Adresse) zum Zweck der Information im Rahmen meiner Buchungsanfrage gespeichert und zur Kontaktaufnahme genutzt werden. Mir\/uns ist dabei klar, dass diese Einwilligungen freiwillig und jederzeit widerruflich sind. Der Widerruf ist per E-Mail zu richten an: info@ferienhofendres. de oder postalisch an: Ferienhof Endres, Engelhardsberg 36, 91346 Wiesenttal. Nach Erhalt des Widerrufs werden die betreffenden Daten nicht mehr genutzt und verarbeitet bzw. gel\u00f6scht. Die Hinweise zum Schutz meiner Daten habe ich zur Kenntnis genommen.\" aria-errormessage=\"wpforms-165-field_5_1-error\" required ><label class=\"wpforms-field-label-inline\" for=\"wpforms-165-field_5_1\">Ja, ich\/wir bin\/sind damit einverstanden, dass meine\/unsere Kontaktdaten (Name, Adresse, Telefonnummer und E-Mail-Adresse) zum Zweck der Information im Rahmen meiner Buchungsanfrage gespeichert und zur Kontaktaufnahme genutzt werden. Mir\/uns ist dabei klar, dass diese Einwilligungen freiwillig und jederzeit widerruflich sind. Der Widerruf ist per E-Mail zu richten an: info@ferienhofendres. de oder postalisch an: Ferienhof Endres, Engelhardsberg 36, 91346 Wiesenttal. Nach Erhalt des Widerrufs werden die betreffenden Daten nicht mehr genutzt und verarbeitet bzw. gel\u00f6scht. Die Hinweise zum Schutz meiner Daten habe ich zur Kenntnis genommen.<\/label><\/li><\/ul><\/div><\/div><!-- .wpforms-field-container --><div class=\"wpforms-submit-container\" ><input type=\"hidden\" name=\"wpforms[id]\" value=\"165\"><input type=\"hidden\" name=\"page_title\" value=\"\"><input type=\"hidden\" name=\"page_url\" value=\"https:\/\/www.ferienhof-endres.de\/index.php\/wp-json\/wp\/v2\/pages\/175\"><input type=\"hidden\" name=\"url_referer\" value=\"\"><button type=\"submit\" name=\"wpforms[submit]\" id=\"wpforms-submit-165\" class=\"wpforms-submit\" data-alt-text=\"Ihre Nachricht wird gesendet ...\" data-submit-text=\"Abschicken\" aria-live=\"assertive\" value=\"wpforms-submit\">Abschicken<\/button><img loading=\"lazy\" decoding=\"async\" src=\"https:\/\/www.ferienhof-endres.de\/wp-content\/plugins\/wpforms-lite\/assets\/images\/submit-spin.svg\" class=\"wpforms-submit-spinner\" style=\"display: none;\" width=\"26\" height=\"26\" alt=\"Wird geladen\"><\/div><\/form><\/div>  <!-- .wpforms-container -->","protected":false},"excerpt":{"rendered":"","protected":false},"author":1,"featured_media":0,"parent":0,"menu_order":0,"comment_status":"closed","ping_status":"closed","template":"","meta":{"footnotes":""},"class_list":["post-175","page","type-page","status-publish","hentry"],"_links":{"self":[{"href":"https:\/\/www.ferienhof-endres.de\/index.php\/wp-json\/wp\/v2\/pages\/175","targetHints":{"allow":["GET"]}}],"collection":[{"href":"https:\/\/www.ferienhof-endres.de\/index.php\/wp-json\/wp\/v2\/pages"}],"about":[{"href":"https:\/\/www.ferienhof-endres.de\/index.php\/wp-json\/wp\/v2\/types\/page"}],"author":[{"embeddable":true,"href":"https:\/\/www.ferienhof-endres.de\/index.php\/wp-json\/wp\/v2\/users\/1"}],"replies":[{"embeddable":true,"href":"https:\/\/www.ferienhof-endres.de\/index.php\/wp-json\/wp\/v2\/comments?post=175"}],"version-history":[{"count":1,"href":"https:\/\/www.ferienhof-endres.de\/index.php\/wp-json\/wp\/v2\/pages\/175\/revisions"}],"predecessor-version":[{"id":176,"href":"https:\/\/www.ferienhof-endres.de\/index.php\/wp-json\/wp\/v2\/pages\/175\/revisions\/176"}],"wp:attachment":[{"href":"https:\/\/www.ferienhof-endres.de\/index.php\/wp-json\/wp\/v2\/media?parent=175"}],"curies":[{"name":"wp","href":"https:\/\/api.w.org\/{rel}","templated":true}]}}